{"id":31502,"date":"2024-01-25T13:44:34","date_gmt":"2024-01-25T12:44:34","guid":{"rendered":"https:\/\/carpem.stage.spacerdesign.com\/platforms\/biobanks\/collection-oncocentre\/"},"modified":"2024-01-25T13:44:34","modified_gmt":"2024-01-25T12:44:34","slug":"collection-oncocentre","status":"publish","type":"page","link":"https:\/\/carpem.stage.spacerdesign.com\/en\/platforms\/biobanks\/collection-oncocentre\/","title":{"rendered":"Collection OncoCENTRE"},"content":{"rendered":"<div class=\"wpb-content-wrapper\"><p>[vc_row][vc_column][vc_column_text]<\/p>\n<h3 style=\"text-align: center;\">Projets de recherche mis en place suite \u00e0 l\u2019adh\u00e9sion au programme de recherche en Oncologie Collection OncoCentre<\/h3>\n<p>[\/vc_column_text][vc_empty_space][\/vc_column][\/vc_row][vc_row][vc_column][vc_tta_tabs style=&#8221;flat&#8221; alignment=&#8221;center&#8221; active_section=&#8221;1&#8243;][vc_tta_section title=&#8221;COCHIN&#8221; tab_id=&#8221;1695311257066-f379b426-ec99ca67-01f1&#8243;][vc_column_text el_class=&#8221;TABLA2&#8243;]<div id=\"footable_parent_26308\"\n         class=\" footable_parent ninja_table_wrapper loading_ninja_table wp_table_data_press_parent semantic_ui \">\n                <table data-ninja_table_instance=\"ninja_table_instance_0\" data-footable_id=\"26308\" data-filter-delay=\"1000\" aria-label=\"tabla1 cochin.csv\"            id=\"footable_26308\"\n           data-unique_identifier=\"ninja_table_unique_id_606749703_26308\"\n           class=\" foo-table ninja_footable foo_table_26308 ninja_table_unique_id_606749703_26308 ui table  nt_type_ajax_table selectable striped vertical_centered  footable-paging-right ninja_table_search_disabled\">\n                <colgroup>\n                            <col class=\"ninja_column_0 \">\n                            <col class=\"ninja_column_1 \">\n                            <col class=\"ninja_column_2 \">\n                            <col class=\"ninja_column_3 \">\n                            <col class=\"ninja_column_4 \">\n                            <col class=\"ninja_column_5 \">\n                    <\/colgroup>\n            <\/table>\n                    <style type=\"text\/css\" id='ninja_table_custom_css_26308'>\n                        #footable_26308  {\n    font-family: inherit;\n    font-size: 14px;\n    }\n\n    \n                <\/style>\n                \n    \n    \n<\/div>\n[\/vc_column_text][\/vc_tta_section][vc_tta_section title=&#8221;HEGP&#8221; tab_id=&#8221;1695311257049-4d4bf972-086cca67-01f1&#8243;][vc_column_text el_class=&#8221;TABLA2&#8243;]<div id=\"footable_parent_26324\"\n         class=\" footable_parent ninja_table_wrapper loading_ninja_table wp_table_data_press_parent semantic_ui \">\n                <table data-ninja_table_instance=\"ninja_table_instance_1\" data-footable_id=\"26324\" data-filter-delay=\"1000\" aria-label=\"HEGP.csv\"            id=\"footable_26324\"\n           data-unique_identifier=\"ninja_table_unique_id_1893668088_26324\"\n           class=\" foo-table ninja_footable foo_table_26324 ninja_table_unique_id_1893668088_26324 ui table  nt_type_ajax_table selectable striped vertical_centered  footable-paging-right ninja_table_search_disabled\">\n                <colgroup>\n                            <col class=\"ninja_column_0 \">\n                            <col class=\"ninja_column_1 \">\n                            <col class=\"ninja_column_2 \">\n                            <col class=\"ninja_column_3 \">\n                            <col class=\"ninja_column_4 \">\n                            <col class=\"ninja_column_5 \">\n                    <\/colgroup>\n            <\/table>\n                    <style type=\"text\/css\" id='ninja_table_custom_css_26308'>\n                        #footable_26308  {\n    font-family: inherit;\n    font-size: 14px;\n    }\n\n    \n                <\/style>\n                                <style type=\"text\/css\" id='ninja_table_custom_css_26324'>\n                        #footable_26324  {\n    font-family: inherit;\n    font-size: 14px;\n    }\n\n    \n                <\/style>\n                \n    \n    \n<\/div>\n[\/vc_column_text][\/vc_tta_section][vc_tta_section title=&#8221;NECKER&#8221; tab_id=&#8221;1695323186200-f25c8e05-503eca67-01f1&#8243;][vc_column_text el_class=&#8221;TABLA2&#8243;]<div id=\"footable_parent_26325\"\n         class=\" footable_parent ninja_table_wrapper loading_ninja_table wp_table_data_press_parent semantic_ui \">\n                <table data-ninja_table_instance=\"ninja_table_instance_2\" data-footable_id=\"26325\" data-filter-delay=\"1000\" aria-label=\"Necker.csv\"            id=\"footable_26325\"\n           data-unique_identifier=\"ninja_table_unique_id_892014522_26325\"\n           class=\" foo-table ninja_footable foo_table_26325 ninja_table_unique_id_892014522_26325 ui table  nt_type_ajax_table selectable striped vertical_centered  footable-paging-right ninja_table_search_disabled\">\n                <colgroup>\n                            <col class=\"ninja_column_0 \">\n                            <col class=\"ninja_column_1 \">\n                            <col class=\"ninja_column_2 \">\n                            <col class=\"ninja_column_3 \">\n                            <col class=\"ninja_column_4 \">\n                            <col class=\"ninja_column_5 \">\n                    <\/colgroup>\n            <\/table>\n                    <style type=\"text\/css\" id='ninja_table_custom_css_26308'>\n                        #footable_26308  {\n    font-family: inherit;\n    font-size: 14px;\n    }\n\n    \n                <\/style>\n                                <style type=\"text\/css\" id='ninja_table_custom_css_26324'>\n                        #footable_26324  {\n    font-family: inherit;\n    font-size: 14px;\n    }\n\n    \n                <\/style>\n                                <style type=\"text\/css\" id='ninja_table_custom_css_26325'>\n                        #footable_26325  {\n    font-family: inherit;\n    font-size: 14px;\n    }\n\n    \n                <\/style>\n                \n    \n    \n<\/div>\n[\/vc_column_text][\/vc_tta_section][\/vc_tta_tabs][\/vc_column][\/vc_row][vc_row][vc_column][vc_column_text]<\/p>\n<h6>Rappel r\u00e8glementaire<\/h6>\n<p>Le consentement OncoCentre auquel vous avez adh\u00e9r\u00e9 est enti\u00e8rement libre et volontaire. Vous pouvez \u00e0 tout moment revenir sur votre d\u00e9cision et demander que vos pr\u00e9l\u00e8vements ne soient plus utilis\u00e9s, en nous le faisant conna\u00eetre par tout moyen. Ce retrait n\u2019aura aucune cons\u00e9quence ni sur la suite de votre prise en charge, ni sur la qualit\u00e9 des soins qui vous seront fournis, ni sur la relation avec votre m\u00e9decin.<\/p>\n<p>Conform\u00e9ment aux dispositions de la CNIL, vous disposez d\u2019un droit d\u2019acc\u00e8s, de rectification, d\u2019effacement, et de limitation de vos donn\u00e9es vous concernant. Vous disposez \u00e9galement d\u2019un droit d\u2019opposition \u00e0 la transmission de vos donn\u00e9es personnelles. Vous pouvez exercer ces droits aupr\u00e8s du responsable de la f\u00e9d\u00e9ration des CRB de l\u2019APHP.Centre (<a href=\"mailto:federationcrb.aphp-centre@aphp.fr\">federationcrb.aphp-centre@aphp.fr<\/a>). En cas de difficult\u00e9 \u00e0 faire valoir vos droits, vous disposez d\u2019un droit d\u2019introduire une r\u00e9clamation aupr\u00e8s de la Commission Nationale de l\u2019Informatique et des Libert\u00e9s, 3 place de Fontenoy \u2013 TSA 80715 \u2013 75336 ou sur <a href=\"https:\/\/www.cnil.fr\/webform\/adresser-une-plainte\">https:\/\/www.cnil.fr\/webform\/adresser-une-plainte<\/a>.<\/p>\n<p>En cas de retrait de votre consentement et\/ou d\u2019exercice du droit \u00e0 l\u2019effacement de vos donn\u00e9es, ce retrait n\u2019aura pas d\u2019incidence sur les activit\u00e9s men\u00e9es et sur l\u2019utilisation des donn\u00e9es obtenues sur la base du consentement \u00e9clair\u00e9 exprim\u00e9 avant que celui-ci n\u2019ait \u00e9t\u00e9 retir\u00e9. Les donn\u00e9es ant\u00e9rieurement collect\u00e9es pourront \u00eatre conserv\u00e9es dans le cadre des recherches initi\u00e9es \u00e0 la date du retrait. En effet, leur effacement serait susceptible de compromettre la validit\u00e9 des r\u00e9sultats de la recherche. Dans ce cas, vos donn\u00e9es ne seront pas utilis\u00e9es ult\u00e9rieurement ou pour une autre recherche.<\/p>\n<p>Le responsable du traitement de vos donn\u00e9es dans le cadre de cette collection est garanti par le d\u00e9l\u00e9gu\u00e9 de la protection des donn\u00e9es de l\u2019AP-HP (<a href=\"mailto:protection.donnees.dsi@aphp.fr\">protection.donnees.dsi@aphp.fr<\/a>) et la conformit\u00e9 au r\u00e8glement europ\u00e9en de la protection des donn\u00e9es est sous la responsabilit\u00e9 du r\u00e9f\u00e9rent\u00a0 \u00e0 la protection des donn\u00e9es de l\u2019AP-HP.Centre Universit\u00e9 de Paris (<a href=\"mailto:protection.donnees.aphpcup@aphp.fr\">protection.donnees.aphpcup@aphp.fr<\/a>).[\/vc_column_text][vc_column_text]<\/p>\n<h6>Organisation des biobanques CARPEM<\/h6>\n<p>[\/vc_column_text][vc_single_image image=&#8221;26332&#8243; img_size=&#8221;full&#8221;][\/vc_column][\/vc_row]<\/p>\n<\/div>","protected":false},"excerpt":{"rendered":"<p>[vc_row][vc_column][vc_column_text] Projets de recherche mis en place suite \u00e0 l\u2019adh\u00e9sion au&#8230;<\/p>\n","protected":false},"author":1,"featured_media":0,"parent":31217,"menu_order":0,"comment_status":"closed","ping_status":"closed","template":"","meta":{"footnotes":""},"class_list":["post-31502","page","type-page","status-publish"],"yoast_head":"<!-- This site is optimized with the Yoast SEO plugin v22.7 - https:\/\/yoast.com\/wordpress\/plugins\/seo\/ -->\n<title>Collection OncoCENTRE - Carpem<\/title>\n<meta name=\"robots\" content=\"index, follow, max-snippet:-1, max-image-preview:large, max-video-preview:-1\" \/>\n<link rel=\"canonical\" href=\"https:\/\/carpem.stage.spacerdesign.com\/les-plateformes\/biobanques\/coll-oncocentre\/\" \/>\n<meta property=\"og:locale\" content=\"en_US\" \/>\n<meta property=\"og:type\" content=\"article\" \/>\n<meta property=\"og:title\" content=\"Collection OncoCENTRE - Carpem\" \/>\n<meta property=\"og:description\" content=\"[vc_row][vc_column][vc_column_text] Projets de recherche mis en place suite \u00e0 l\u2019adh\u00e9sion au...\" \/>\n<meta property=\"og:url\" content=\"https:\/\/carpem.stage.spacerdesign.com\/les-plateformes\/biobanques\/coll-oncocentre\/\" \/>\n<meta property=\"og:site_name\" content=\"Carpem\" \/>\n<meta name=\"twitter:card\" content=\"summary_large_image\" \/>\n<meta name=\"twitter:label1\" content=\"Est. reading time\" \/>\n\t<meta name=\"twitter:data1\" content=\"3 minutes\" \/>\n<script type=\"application\/ld+json\" class=\"yoast-schema-graph\">{\"@context\":\"https:\/\/schema.org\",\"@graph\":[{\"@type\":\"WebPage\",\"@id\":\"https:\/\/carpem.stage.spacerdesign.com\/les-plateformes\/biobanques\/coll-oncocentre\/\",\"url\":\"https:\/\/carpem.stage.spacerdesign.com\/les-plateformes\/biobanques\/coll-oncocentre\/\",\"name\":\"Collection OncoCENTRE - Carpem\",\"isPartOf\":{\"@id\":\"https:\/\/carpem.stage.spacerdesign.com\/#website\"},\"datePublished\":\"2024-01-25T12:44:34+00:00\",\"dateModified\":\"2024-01-25T12:44:34+00:00\",\"breadcrumb\":{\"@id\":\"https:\/\/carpem.stage.spacerdesign.com\/les-plateformes\/biobanques\/coll-oncocentre\/#breadcrumb\"},\"inLanguage\":\"en-US\",\"potentialAction\":[{\"@type\":\"ReadAction\",\"target\":[\"https:\/\/carpem.stage.spacerdesign.com\/les-plateformes\/biobanques\/coll-oncocentre\/\"]}]},{\"@type\":\"BreadcrumbList\",\"@id\":\"https:\/\/carpem.stage.spacerdesign.com\/les-plateformes\/biobanques\/coll-oncocentre\/#breadcrumb\",\"itemListElement\":[{\"@type\":\"ListItem\",\"position\":1,\"name\":\"Portada\",\"item\":\"https:\/\/carpem.stage.spacerdesign.com\/en\/\"},{\"@type\":\"ListItem\",\"position\":2,\"name\":\"Platforms\",\"item\":\"https:\/\/carpem.stage.spacerdesign.com\/les-plateformes\/\"},{\"@type\":\"ListItem\",\"position\":3,\"name\":\"Biobanks\",\"item\":\"https:\/\/carpem.stage.spacerdesign.com\/les-plateformes\/biobanques\/\"},{\"@type\":\"ListItem\",\"position\":4,\"name\":\"Collection OncoCENTRE\"}]},{\"@type\":\"WebSite\",\"@id\":\"https:\/\/carpem.stage.spacerdesign.com\/#website\",\"url\":\"https:\/\/carpem.stage.spacerdesign.com\/\",\"name\":\"Carpem\",\"description\":\"\",\"potentialAction\":[{\"@type\":\"SearchAction\",\"target\":{\"@type\":\"EntryPoint\",\"urlTemplate\":\"https:\/\/carpem.stage.spacerdesign.com\/?s={search_term_string}\"},\"query-input\":\"required name=search_term_string\"}],\"inLanguage\":\"en-US\"}]}<\/script>\n<!-- \/ Yoast SEO plugin. -->","yoast_head_json":{"title":"Collection OncoCENTRE - Carpem","robots":{"index":"index","follow":"follow","max-snippet":"max-snippet:-1","max-image-preview":"max-image-preview:large","max-video-preview":"max-video-preview:-1"},"canonical":"https:\/\/carpem.stage.spacerdesign.com\/les-plateformes\/biobanques\/coll-oncocentre\/","og_locale":"en_US","og_type":"article","og_title":"Collection OncoCENTRE - Carpem","og_description":"[vc_row][vc_column][vc_column_text] Projets de recherche mis en place suite \u00e0 l\u2019adh\u00e9sion au...","og_url":"https:\/\/carpem.stage.spacerdesign.com\/les-plateformes\/biobanques\/coll-oncocentre\/","og_site_name":"Carpem","twitter_card":"summary_large_image","twitter_misc":{"Est. reading time":"3 minutes"},"schema":{"@context":"https:\/\/schema.org","@graph":[{"@type":"WebPage","@id":"https:\/\/carpem.stage.spacerdesign.com\/les-plateformes\/biobanques\/coll-oncocentre\/","url":"https:\/\/carpem.stage.spacerdesign.com\/les-plateformes\/biobanques\/coll-oncocentre\/","name":"Collection OncoCENTRE - Carpem","isPartOf":{"@id":"https:\/\/carpem.stage.spacerdesign.com\/#website"},"datePublished":"2024-01-25T12:44:34+00:00","dateModified":"2024-01-25T12:44:34+00:00","breadcrumb":{"@id":"https:\/\/carpem.stage.spacerdesign.com\/les-plateformes\/biobanques\/coll-oncocentre\/#breadcrumb"},"inLanguage":"en-US","potentialAction":[{"@type":"ReadAction","target":["https:\/\/carpem.stage.spacerdesign.com\/les-plateformes\/biobanques\/coll-oncocentre\/"]}]},{"@type":"BreadcrumbList","@id":"https:\/\/carpem.stage.spacerdesign.com\/les-plateformes\/biobanques\/coll-oncocentre\/#breadcrumb","itemListElement":[{"@type":"ListItem","position":1,"name":"Portada","item":"https:\/\/carpem.stage.spacerdesign.com\/en\/"},{"@type":"ListItem","position":2,"name":"Platforms","item":"https:\/\/carpem.stage.spacerdesign.com\/les-plateformes\/"},{"@type":"ListItem","position":3,"name":"Biobanks","item":"https:\/\/carpem.stage.spacerdesign.com\/les-plateformes\/biobanques\/"},{"@type":"ListItem","position":4,"name":"Collection OncoCENTRE"}]},{"@type":"WebSite","@id":"https:\/\/carpem.stage.spacerdesign.com\/#website","url":"https:\/\/carpem.stage.spacerdesign.com\/","name":"Carpem","description":"","potentialAction":[{"@type":"SearchAction","target":{"@type":"EntryPoint","urlTemplate":"https:\/\/carpem.stage.spacerdesign.com\/?s={search_term_string}"},"query-input":"required name=search_term_string"}],"inLanguage":"en-US"}]}},"_links":{"self":[{"href":"https:\/\/carpem.stage.spacerdesign.com\/en\/wp-json\/wp\/v2\/pages\/31502","targetHints":{"allow":["GET"]}}],"collection":[{"href":"https:\/\/carpem.stage.spacerdesign.com\/en\/wp-json\/wp\/v2\/pages"}],"about":[{"href":"https:\/\/carpem.stage.spacerdesign.com\/en\/wp-json\/wp\/v2\/types\/page"}],"author":[{"embeddable":true,"href":"https:\/\/carpem.stage.spacerdesign.com\/en\/wp-json\/wp\/v2\/users\/1"}],"replies":[{"embeddable":true,"href":"https:\/\/carpem.stage.spacerdesign.com\/en\/wp-json\/wp\/v2\/comments?post=31502"}],"version-history":[{"count":1,"href":"https:\/\/carpem.stage.spacerdesign.com\/en\/wp-json\/wp\/v2\/pages\/31502\/revisions"}],"predecessor-version":[{"id":31503,"href":"https:\/\/carpem.stage.spacerdesign.com\/en\/wp-json\/wp\/v2\/pages\/31502\/revisions\/31503"}],"up":[{"embeddable":true,"href":"https:\/\/carpem.stage.spacerdesign.com\/en\/wp-json\/wp\/v2\/pages\/31217"}],"wp:attachment":[{"href":"https:\/\/carpem.stage.spacerdesign.com\/en\/wp-json\/wp\/v2\/media?parent=31502"}],"curies":[{"name":"wp","href":"https:\/\/api.w.org\/{rel}","templated":true}]}}